{"id":41823,"date":"2018-08-07T04:29:53","date_gmt":"2018-08-07T04:29:53","guid":{"rendered":"https:\/\/fftasia1.wpengine.com\/product\/%e0%b9%80%e0%b8%95%e0%b8%b2%e0%b8%ad%e0%b8%9a%e0%b8%a3%e0%b8%b2%e0%b8%84%e0%b8%b2%e0%b8%96%e0%b8%b9%e0%b8%81\/"},"modified":"2021-10-25T07:39:25","modified_gmt":"2021-10-25T07:39:25","slug":"%e0%b9%80%e0%b8%95%e0%b8%b2%e0%b8%ad%e0%b8%9a%e0%b8%a3%e0%b8%b2%e0%b8%84%e0%b8%b2%e0%b8%96%e0%b8%b9%e0%b8%81","status":"publish","type":"product","link":"https:\/\/www.fft.asia\/th\/product\/%e0%b9%80%e0%b8%95%e0%b8%b2%e0%b8%ad%e0%b8%9a%e0%b8%a3%e0%b8%b2%e0%b8%84%e0%b8%b2%e0%b8%96%e0%b8%b9%e0%b8%81\/","title":{"rendered":"\u0e40\u0e15\u0e32\u0e2d\u0e1a\u0e23\u0e32\u0e04\u0e32\u0e16\u0e39\u0e01"},"content":{"rendered":"<table width=\"477\">\n<tbody>\n<tr>\n<td width=\"169\"><strong>\u0e23\u0e38\u0e48\u0e19: <\/strong><\/td>\n<td width=\"308\">NB-BEP-2A<\/td>\n<\/tr>\n<tr>\n<td width=\"169\"><strong>\u0e42\u0e27\u0e25\u0e15\u0e4c<\/strong><strong>:<\/strong><\/td>\n<td width=\"308\">220V<\/td>\n<\/tr>\n<tr>\n<td width=\"169\"><strong>\u0e04\u0e27\u0e32\u0e21\u0e16\u0e35\u0e48<\/strong><strong>:<\/strong><\/td>\n<td width=\"308\">50HZ<\/td>\n<\/tr>\n<tr>\n<td width=\"169\"><strong>\u0e01\u0e33\u0e25\u0e31\u0e07\u0e44\u0e1f:<\/strong><\/td>\n<td width=\"308\">3kw, 2400W<\/td>\n<\/tr>\n<tr>\n<td width=\"169\"><strong>\u0e27\u0e31\u0e2a\u0e14\u0e38:<\/strong><\/td>\n<td width=\"308\">\u0e2a\u0e41\u0e15\u0e19\u0e40\u0e25\u0e2a<\/td>\n<\/tr>\n<tr>\n<td width=\"169\"><strong>\u0e2d\u0e38\u0e13\u0e2b\u0e20\u0e39\u0e21\u0e34:<\/strong><\/td>\n<td width=\"308\">50-350 \u00b0C<\/td>\n<\/tr>\n<tr>\n<td width=\"169\"><strong>\u0e02\u0e19\u0e32\u0e14:<\/strong><\/td>\n<td width=\"308\">56*57*44 cm<\/td>\n<\/tr>\n<tr>\n<td width=\"169\"><strong>\u0e02\u0e19\u0e32\u0e14\u0e20\u0e32\u0e22\u0e43\u0e19<\/strong><strong>:<\/strong><\/td>\n<td width=\"308\">41.5\u00d740 \u00d712 cm\u00d72 \u0e0a\u0e34\u0e49\u0e19<\/td>\n<\/tr>\n<tr>\n<td width=\"169\"><strong>\u0e2b\u0e34\u0e19\u0e1e\u0e34\u0e0b\u0e0b\u0e48\u0e32:<\/strong><\/td>\n<td width=\"308\">40\u00d740 cm\u00d72 \u0e0a\u0e34\u0e49\u0e19<\/td>\n<\/tr>\n<tr>\n<td width=\"169\"><strong>\u0e19\u0e49\u0e33\u0e2b\u0e19\u0e31\u0e01\u0e2a\u0e38\u0e17\u0e18\u0e34:<\/strong><\/td>\n<td width=\"308\">33kg<\/td>\n<\/tr>\n<tr>\n<td width=\"169\"><strong>\u0e23\u0e31\u0e1a\u0e1b\u0e23\u0e30\u0e01\u0e31\u0e19:<\/strong><\/td>\n<td width=\"308\">365 \u0e27\u0e31\u0e19<\/td>\n<\/tr>\n<tr>\n<td width=\"169\"><strong>\u0e02\u0e2d\u0e07\u0e41\u0e16\u0e21:<\/strong><\/td>\n<td width=\"308\">\u0e23\u0e31\u0e1a\u0e2b\u0e34\u0e19\u0e23\u0e2d\u0e07\u0e1e\u0e34\u0e0b\u0e0b\u0e48\u0e32\u0e1f\u0e23\u0e35<\/td>\n<\/tr>\n<\/tbody>\n<\/table>\n","protected":false},"excerpt":{"rendered":"<p><span title=\"\">\u0e40\u0e15\u0e32\u0e2d\u0e1a\u0e1e\u0e34\u0e0b\u0e0b\u0e48\u0e32\u0e44\u0e1f\u0e1f\u0e49\u0e32\u0e41\u0e1a\u0e1a\u0e15\u0e31\u0e49\u0e07\u0e42\u0e15\u0e4a\u0e30\u0e1b\u0e23\u0e30\u0e15\u0e39\u0e40\u0e14\u0e35\u0e48\u0e22\u0e27 2 \u0e0a\u0e31\u0e49\u0e19 (\u0e23\u0e32\u0e04\u0e32\u0e16\u0e39\u0e01) \u0e21\u0e32\u0e1e\u0e23\u0e49\u0e2d\u0e21\u0e01\u0e31\u0e1a (\u0e41\u0e16\u0e21\u0e2b\u0e34\u0e19\u0e23\u0e2d\u0e07\u0e1e\u0e34\u0e0b\u0e0b\u0e48\u0e32\u0e1f\u0e23\u0e35) \u0e2a\u0e32\u0e21\u0e32\u0e23\u0e16\u0e1b\u0e23\u0e31\u0e1a\u0e43\u0e2b\u0e49\u0e40\u0e02\u0e49\u0e32\u0e01\u0e31\u0e1a\u0e01\u0e32\u0e23\u0e1c\u0e25\u0e34\u0e15\u0e01\u0e32\u0e23\u0e2d\u0e1a\u0e04\u0e23\u0e31\u0e49\u0e07\u0e15\u0e48\u0e2d\u0e04\u0e23\u0e31\u0e49\u0e07\u0e44\u0e14\u0e49\u0e2d\u0e22\u0e48\u0e32\u0e07\u0e07\u0e48\u0e32\u0e22\u0e14\u0e32\u0e22 \u0e41\u0e25\u0e30\u0e14\u0e49\u0e27\u0e22\u0e01\u0e32\u0e23\u0e2d\u0e2d\u0e01\u0e41\u0e1a\u0e1a\u0e17\u0e35\u0e48\u0e40\u0e2b\u0e21\u0e32\u0e30\u0e2a\u0e21\u0e43\u0e19\u0e01\u0e32\u0e23\u0e43\u0e0a\u0e49\u0e07\u0e32\u0e19\u0e2d\u0e22\u0e48\u0e32\u0e07\u0e21\u0e37\u0e2d\u0e2d\u0e32\u0e0a\u0e35\u0e1e\u00a0 <\/span><span title=\"\">\u0e40\u0e1b\u0e47\u0e19\u0e15\u0e31\u0e27\u0e40\u0e25\u0e37\u0e2d\u0e01\u0e17\u0e35\u0e48\u0e14\u0e35\u0e17\u0e35\u0e48\u0e2a\u0e38\u0e14\u0e2a\u0e33\u0e2b\u0e23\u0e31\u0e1a\u0e23\u0e49\u0e32\u0e19\u0e2d\u0e32\u0e2b\u0e32\u0e23 \u0e42\u0e23\u0e07\u0e41\u0e23\u0e21 \u0e41\u0e25\u0e30\u0e23\u0e49\u0e32\u0e19\u0e40\u0e1a\u0e40\u0e01\u0e2d\u0e23\u0e35\u0e48 \u0e40\u0e15\u0e32\u0e2d\u0e1a\u0e40\u0e04\u0e23\u0e37\u0e48\u0e2d\u0e07\u0e19\u0e35\u0e49\u0e17\u0e33\u0e08\u0e32\u0e01\u0e2a\u0e41\u0e15\u0e19\u0e40\u0e25\u0e2a \u0e14\u0e49\u0e27\u0e22\u0e01\u0e32\u0e23\u0e2d\u0e2d\u0e01\u0e41\u0e1a\u0e1a\u0e17\u0e35\u0e48\u0e2a\u0e27\u0e22\u0e19\u0e48\u0e32\u0e43\u0e0a\u0e49\u00a0 \u0e2d\u0e31\u0e15\u0e23\u0e32\u0e01\u0e32\u0e23\u0e0b\u0e48\u0e2d\u0e21\u0e41\u0e0b\u0e21\u0e15\u0e48\u0e33 \u0e41\u0e25\u0e30\u0e2a\u0e32\u0e21\u0e32\u0e23\u0e16\u0e1b\u0e23\u0e31\u0e1a\u0e2d\u0e38\u0e13\u0e2b\u0e20\u0e39\u0e21\u0e34 \u0e41\u0e25\u0e30\u0e40\u0e27\u0e25\u0e32\u0e43\u0e19\u0e01\u0e32\u0e23\u0e2d\u0e1a \u0e41\u0e25\u0e30\u0e22\u0e31\u0e07\u0e21\u0e35\u0e1e\u0e37\u0e49\u0e19\u0e17\u0e35\u0e48\u0e43\u0e19\u0e40\u0e15\u0e32\u0e2d\u0e1a\u0e17\u0e35\u0e48\u0e08\u0e30\u0e0a\u0e48\u0e27\u0e22\u0e43\u0e2b\u0e49\u0e04\u0e38\u0e13\u0e40\u0e1e\u0e34\u0e48\u0e21\u0e02\u0e19\u0e32\u0e14\u0e41\u0e25\u0e30\u0e08\u0e33\u0e19\u0e27\u0e19\u0e02\u0e2d\u0e07\u0e17\u0e35\u0e48\u0e04\u0e38\u0e13\u0e15\u0e49\u0e2d\u0e07\u0e01\u0e32\u0e23 \u0e16\u0e36\u0e07 41.5\u00d740 \u0e1b\u0e2b\u0e40\u0e2d\u00d712 cm (x2 \u0e0a\u0e34\u0e49\u0e19) \u0e41\u0e25\u0e30\u0e17\u0e33\u0e2d\u0e38\u0e13\u0e20\u0e39\u0e21\u0e34\u0e43\u0e19\u0e01\u0e32\u0e23\u0e2d\u0e1a\u0e2a\u0e39\u0e07\u0e2a\u0e38\u0e14\u0e16\u0e36\u0e07 350\u00b0C\u00a0 \u00a0\u0e2b\u0e32\u0e01\u0e04\u0e38\u0e13\u0e01\u0e33\u0e25\u0e31\u0e07\u0e21\u0e2d\u0e07\u0e2b\u0e32\u0e40\u0e15\u0e32\u0e2d\u0e1a\u0e17\u0e35\u0e48\u0e08\u0e30\u0e17\u0e33\u0e43\u0e2b\u0e49\u0e1e\u0e34\u0e0b\u0e0b\u0e48\u0e32\u0e02\u0e2d\u0e07\u0e04\u0e38\u0e13 \u0e01\u0e23\u0e2d\u0e1a\u0e19\u0e2d\u0e01\u0e19\u0e38\u0e48\u0e21\u0e43\u0e19 \u0e41\u0e25\u0e30\u0e22\u0e31\u0e07\u0e04\u0e07\u0e23\u0e2a\u0e0a\u0e32\u0e15\u0e34 \u0e2a\u0e35\u0e2a\u0e31\u0e19 \u0e02\u0e2d\u0e07\u0e1e\u0e34\u0e0b\u0e0b\u0e48\u0e32\u0e43\u0e2b\u0e49\u0e2a\u0e27\u0e22\u0e19\u0e48\u0e32\u0e23\u0e31\u0e1a\u0e1b\u0e23\u0e30\u0e17\u0e32\u0e19 \u0e19\u0e35\u0e48\u0e08\u0e36\u0e07\u0e40\u0e1b\u0e47\u0e19\u0e17\u0e32\u0e07\u0e40\u0e25\u0e37\u0e2d\u0e01\u0e17\u0e35\u0e48\u0e40\u0e2b\u0e21\u0e32\u0e30\u0e2a\u0e21\u0e41\u0e01\u0e48\u0e04\u0e38\u0e13\u00a0<\/span><\/p>\n","protected":false},"featured_media":54377,"comment_status":"closed","ping_status":"closed","template":"","meta":{"_acf_changed":false,"inline_featured_image":false},"product_brand":[401,1405],"product_cat":[2890,3740],"product_tag":[3240,2357,3137,2022,3239,3238],"class_list":{"0":"post-41823","1":"product","2":"type-product","3":"status-publish","4":"has-post-thumbnail","6":"product_brand-401","7":"product_brand-1405","8":"product_cat-big-sales-th","9":"product_cat-3740","10":"product_tag-3240","11":"product_tag--th","12":"product_tag-3137","14":"product_tag-3239","15":"product_tag-3238","17":"first","18":"instock","19":"sale","20":"taxable","21":"shipping-taxable","22":"purchasable","23":"product-type-simple"},"acf":[],"yoast_head":"<!-- This site is optimized with the Yoast SEO plugin v27.3 - https:\/\/yoast.com\/product\/yoast-seo-wordpress\/ -->\n<title>\u0e40\u0e15\u0e32\u0e2d\u0e1a\u0e23\u0e32\u0e04\u0e32\u0e16\u0e39\u0e01 - Fun Food Thailand<\/title>\n<meta name=\"robots\" content=\"index, follow, max-snippet:-1, max-image-preview:large, max-video-preview:-1\" \/>\n<link rel=\"canonical\" href=\"https:\/\/www.fft.asia\/th\/product\/%e0%b9%80%e0%b8%95%e0%b8%b2%e0%b8%ad%e0%b8%9a%e0%b8%a3%e0%b8%b2%e0%b8%84%e0%b8%b2%e0%b8%96%e0%b8%b9%e0%b8%81\/\" \/>\n<meta property=\"og:locale\" content=\"th_TH\" \/>\n<meta property=\"og:type\" content=\"article\" \/>\n<meta property=\"og:title\" content=\"\u0e40\u0e15\u0e32\u0e2d\u0e1a\u0e23\u0e32\u0e04\u0e32\u0e16\u0e39\u0e01 - Fun Food Thailand\" \/>\n<meta property=\"og:description\" content=\"\u0e40\u0e15\u0e32\u0e2d\u0e1a\u0e1e\u0e34\u0e0b\u0e0b\u0e48\u0e32\u0e44\u0e1f\u0e1f\u0e49\u0e32\u0e41\u0e1a\u0e1a\u0e15\u0e31\u0e49\u0e07\u0e42\u0e15\u0e4a\u0e30\u0e1b\u0e23\u0e30\u0e15\u0e39\u0e40\u0e14\u0e35\u0e48\u0e22\u0e27 2 \u0e0a\u0e31\u0e49\u0e19 (\u0e23\u0e32\u0e04\u0e32\u0e16\u0e39\u0e01) \u0e21\u0e32\u0e1e\u0e23\u0e49\u0e2d\u0e21\u0e01\u0e31\u0e1a (\u0e41\u0e16\u0e21\u0e2b\u0e34\u0e19\u0e23\u0e2d\u0e07\u0e1e\u0e34\u0e0b\u0e0b\u0e48\u0e32\u0e1f\u0e23\u0e35) \u0e2a\u0e32\u0e21\u0e32\u0e23\u0e16\u0e1b\u0e23\u0e31\u0e1a\u0e43\u0e2b\u0e49\u0e40\u0e02\u0e49\u0e32\u0e01\u0e31\u0e1a\u0e01\u0e32\u0e23\u0e1c\u0e25\u0e34\u0e15\u0e01\u0e32\u0e23\u0e2d\u0e1a\u0e04\u0e23\u0e31\u0e49\u0e07\u0e15\u0e48\u0e2d\u0e04\u0e23\u0e31\u0e49\u0e07\u0e44\u0e14\u0e49\u0e2d\u0e22\u0e48\u0e32\u0e07\u0e07\u0e48\u0e32\u0e22\u0e14\u0e32\u0e22 \u0e41\u0e25\u0e30\u0e14\u0e49\u0e27\u0e22\u0e01\u0e32\u0e23\u0e2d\u0e2d\u0e01\u0e41\u0e1a\u0e1a\u0e17\u0e35\u0e48\u0e40\u0e2b\u0e21\u0e32\u0e30\u0e2a\u0e21\u0e43\u0e19\u0e01\u0e32\u0e23\u0e43\u0e0a\u0e49\u0e07\u0e32\u0e19\u0e2d\u0e22\u0e48\u0e32\u0e07\u0e21\u0e37\u0e2d\u0e2d\u0e32\u0e0a\u0e35\u0e1e\u00a0 \u0e40\u0e1b\u0e47\u0e19\u0e15\u0e31\u0e27\u0e40\u0e25\u0e37\u0e2d\u0e01\u0e17\u0e35\u0e48\u0e14\u0e35\u0e17\u0e35\u0e48\u0e2a\u0e38\u0e14\u0e2a\u0e33\u0e2b\u0e23\u0e31\u0e1a\u0e23\u0e49\u0e32\u0e19\u0e2d\u0e32\u0e2b\u0e32\u0e23 \u0e42\u0e23\u0e07\u0e41\u0e23\u0e21 \u0e41\u0e25\u0e30\u0e23\u0e49\u0e32\u0e19\u0e40\u0e1a\u0e40\u0e01\u0e2d\u0e23\u0e35\u0e48 \u0e40\u0e15\u0e32\u0e2d\u0e1a\u0e40\u0e04\u0e23\u0e37\u0e48\u0e2d\u0e07\u0e19\u0e35\u0e49\u0e17\u0e33\u0e08\u0e32\u0e01\u0e2a\u0e41\u0e15\u0e19\u0e40\u0e25\u0e2a \u0e14\u0e49\u0e27\u0e22\u0e01\u0e32\u0e23\u0e2d\u0e2d\u0e01\u0e41\u0e1a\u0e1a\u0e17\u0e35\u0e48\u0e2a\u0e27\u0e22\u0e19\u0e48\u0e32\u0e43\u0e0a\u0e49\u00a0 \u0e2d\u0e31\u0e15\u0e23\u0e32\u0e01\u0e32\u0e23\u0e0b\u0e48\u0e2d\u0e21\u0e41\u0e0b\u0e21\u0e15\u0e48\u0e33 \u0e41\u0e25\u0e30\u0e2a\u0e32\u0e21\u0e32\u0e23\u0e16\u0e1b\u0e23\u0e31\u0e1a\u0e2d\u0e38\u0e13\u0e2b\u0e20\u0e39\u0e21\u0e34 \u0e41\u0e25\u0e30\u0e40\u0e27\u0e25\u0e32\u0e43\u0e19\u0e01\u0e32\u0e23\u0e2d\u0e1a \u0e41\u0e25\u0e30\u0e22\u0e31\u0e07\u0e21\u0e35\u0e1e\u0e37\u0e49\u0e19\u0e17\u0e35\u0e48\u0e43\u0e19\u0e40\u0e15\u0e32\u0e2d\u0e1a\u0e17\u0e35\u0e48\u0e08\u0e30\u0e0a\u0e48\u0e27\u0e22\u0e43\u0e2b\u0e49\u0e04\u0e38\u0e13\u0e40\u0e1e\u0e34\u0e48\u0e21\u0e02\u0e19\u0e32\u0e14\u0e41\u0e25\u0e30\u0e08\u0e33\u0e19\u0e27\u0e19\u0e02\u0e2d\u0e07\u0e17\u0e35\u0e48\u0e04\u0e38\u0e13\u0e15\u0e49\u0e2d\u0e07\u0e01\u0e32\u0e23 \u0e16\u0e36\u0e07 41.5\u00d740 \u0e1b\u0e2b\u0e40\u0e2d\u00d712 cm (x2 \u0e0a\u0e34\u0e49\u0e19) \u0e41\u0e25\u0e30\u0e17\u0e33\u0e2d\u0e38\u0e13\u0e20\u0e39\u0e21\u0e34\u0e43\u0e19\u0e01\u0e32\u0e23\u0e2d\u0e1a\u0e2a\u0e39\u0e07\u0e2a\u0e38\u0e14\u0e16\u0e36\u0e07 350\u00b0C\u00a0 \u00a0\u0e2b\u0e32\u0e01\u0e04\u0e38\u0e13\u0e01\u0e33\u0e25\u0e31\u0e07\u0e21\u0e2d\u0e07\u0e2b\u0e32\u0e40\u0e15\u0e32\u0e2d\u0e1a\u0e17\u0e35\u0e48\u0e08\u0e30\u0e17\u0e33\u0e43\u0e2b\u0e49\u0e1e\u0e34\u0e0b\u0e0b\u0e48\u0e32\u0e02\u0e2d\u0e07\u0e04\u0e38\u0e13 \u0e01\u0e23\u0e2d\u0e1a\u0e19\u0e2d\u0e01\u0e19\u0e38\u0e48\u0e21\u0e43\u0e19 \u0e41\u0e25\u0e30\u0e22\u0e31\u0e07\u0e04\u0e07\u0e23\u0e2a\u0e0a\u0e32\u0e15\u0e34 \u0e2a\u0e35\u0e2a\u0e31\u0e19 \u0e02\u0e2d\u0e07\u0e1e\u0e34\u0e0b\u0e0b\u0e48\u0e32\u0e43\u0e2b\u0e49\u0e2a\u0e27\u0e22\u0e19\u0e48\u0e32\u0e23\u0e31\u0e1a\u0e1b\u0e23\u0e30\u0e17\u0e32\u0e19 \u0e19\u0e35\u0e48\u0e08\u0e36\u0e07\u0e40\u0e1b\u0e47\u0e19\u0e17\u0e32\u0e07\u0e40\u0e25\u0e37\u0e2d\u0e01\u0e17\u0e35\u0e48\u0e40\u0e2b\u0e21\u0e32\u0e30\u0e2a\u0e21\u0e41\u0e01\u0e48\u0e04\u0e38\u0e13\u00a0\" \/>\n<meta property=\"og:url\" content=\"https:\/\/www.fft.asia\/th\/product\/%e0%b9%80%e0%b8%95%e0%b8%b2%e0%b8%ad%e0%b8%9a%e0%b8%a3%e0%b8%b2%e0%b8%84%e0%b8%b2%e0%b8%96%e0%b8%b9%e0%b8%81\/\" \/>\n<meta property=\"og:site_name\" content=\"Fun Food Thailand\" \/>\n<meta property=\"article:modified_time\" content=\"2021-10-25T07:39:25+00:00\" \/>\n<meta property=\"og:image\" content=\"https:\/\/www.fft.asia\/wp-content\/uploads\/2018\/08\/\u0e20\u0e32\u0e1e-107.jpeg\" \/>\n\t<meta property=\"og:image:width\" content=\"500\" \/>\n\t<meta property=\"og:image:height\" content=\"500\" \/>\n\t<meta property=\"og:image:type\" content=\"image\/jpeg\" \/>\n<meta name=\"twitter:card\" content=\"summary_large_image\" \/>\n<script type=\"application\/ld+json\" class=\"yoast-schema-graph\">{\"@context\":\"https:\\\/\\\/schema.org\",\"@graph\":[{\"@type\":\"WebPage\",\"@id\":\"https:\\\/\\\/www.fft.asia\\\/th\\\/product\\\/%e0%b9%80%e0%b8%95%e0%b8%b2%e0%b8%ad%e0%b8%9a%e0%b8%a3%e0%b8%b2%e0%b8%84%e0%b8%b2%e0%b8%96%e0%b8%b9%e0%b8%81\\\/\",\"url\":\"https:\\\/\\\/www.fft.asia\\\/th\\\/product\\\/%e0%b9%80%e0%b8%95%e0%b8%b2%e0%b8%ad%e0%b8%9a%e0%b8%a3%e0%b8%b2%e0%b8%84%e0%b8%b2%e0%b8%96%e0%b8%b9%e0%b8%81\\\/\",\"name\":\"\u0e40\u0e15\u0e32\u0e2d\u0e1a\u0e23\u0e32\u0e04\u0e32\u0e16\u0e39\u0e01 - Fun Food Thailand\",\"isPartOf\":{\"@id\":\"https:\\\/\\\/www.fft.asia\\\/th\\\/#website\"},\"primaryImageOfPage\":{\"@id\":\"https:\\\/\\\/www.fft.asia\\\/th\\\/product\\\/%e0%b9%80%e0%b8%95%e0%b8%b2%e0%b8%ad%e0%b8%9a%e0%b8%a3%e0%b8%b2%e0%b8%84%e0%b8%b2%e0%b8%96%e0%b8%b9%e0%b8%81\\\/#primaryimage\"},\"image\":{\"@id\":\"https:\\\/\\\/www.fft.asia\\\/th\\\/product\\\/%e0%b9%80%e0%b8%95%e0%b8%b2%e0%b8%ad%e0%b8%9a%e0%b8%a3%e0%b8%b2%e0%b8%84%e0%b8%b2%e0%b8%96%e0%b8%b9%e0%b8%81\\\/#primaryimage\"},\"thumbnailUrl\":\"https:\\\/\\\/www.fft.asia\\\/wp-content\\\/uploads\\\/2018\\\/08\\\/\u0e20\u0e32\u0e1e-107.jpeg\",\"datePublished\":\"2018-08-07T04:29:53+00:00\",\"dateModified\":\"2021-10-25T07:39:25+00:00\",\"breadcrumb\":{\"@id\":\"https:\\\/\\\/www.fft.asia\\\/th\\\/product\\\/%e0%b9%80%e0%b8%95%e0%b8%b2%e0%b8%ad%e0%b8%9a%e0%b8%a3%e0%b8%b2%e0%b8%84%e0%b8%b2%e0%b8%96%e0%b8%b9%e0%b8%81\\\/#breadcrumb\"},\"inLanguage\":\"th\",\"potentialAction\":[{\"@type\":\"ReadAction\",\"target\":[\"https:\\\/\\\/www.fft.asia\\\/th\\\/product\\\/%e0%b9%80%e0%b8%95%e0%b8%b2%e0%b8%ad%e0%b8%9a%e0%b8%a3%e0%b8%b2%e0%b8%84%e0%b8%b2%e0%b8%96%e0%b8%b9%e0%b8%81\\\/\"]}]},{\"@type\":\"ImageObject\",\"inLanguage\":\"th\",\"@id\":\"https:\\\/\\\/www.fft.asia\\\/th\\\/product\\\/%e0%b9%80%e0%b8%95%e0%b8%b2%e0%b8%ad%e0%b8%9a%e0%b8%a3%e0%b8%b2%e0%b8%84%e0%b8%b2%e0%b8%96%e0%b8%b9%e0%b8%81\\\/#primaryimage\",\"url\":\"https:\\\/\\\/www.fft.asia\\\/wp-content\\\/uploads\\\/2018\\\/08\\\/\u0e20\u0e32\u0e1e-107.jpeg\",\"contentUrl\":\"https:\\\/\\\/www.fft.asia\\\/wp-content\\\/uploads\\\/2018\\\/08\\\/\u0e20\u0e32\u0e1e-107.jpeg\",\"width\":500,\"height\":500,\"caption\":\"\u0e20\u0e32\u0e1e 107\"},{\"@type\":\"BreadcrumbList\",\"@id\":\"https:\\\/\\\/www.fft.asia\\\/th\\\/product\\\/%e0%b9%80%e0%b8%95%e0%b8%b2%e0%b8%ad%e0%b8%9a%e0%b8%a3%e0%b8%b2%e0%b8%84%e0%b8%b2%e0%b8%96%e0%b8%b9%e0%b8%81\\\/#breadcrumb\",\"itemListElement\":[{\"@type\":\"ListItem\",\"position\":1,\"name\":\"Home\",\"item\":\"https:\\\/\\\/www.fft.asia\\\/th\\\/\"},{\"@type\":\"ListItem\",\"position\":2,\"name\":\"\u0e1c\u0e25\u0e34\u0e15\u0e20\u0e31\u0e13\u0e11\u0e4c \u0e17\u0e31\u0e49\u0e07\u0e2b\u0e21\u0e14\",\"item\":\"https:\\\/\\\/www.fft.asia\\\/th\\\/%e0%b8%9c%e0%b8%a5%e0%b8%b4%e0%b8%95%e0%b8%a0%e0%b8%b1%e0%b8%93%e0%b8%91%e0%b9%8c-%e0%b8%97%e0%b8%b1%e0%b9%89%e0%b8%87%e0%b8%ab%e0%b8%a1%e0%b8%94\\\/\"},{\"@type\":\"ListItem\",\"position\":3,\"name\":\"\u0e40\u0e15\u0e32\u0e2d\u0e1a\u0e23\u0e32\u0e04\u0e32\u0e16\u0e39\u0e01\"}]},{\"@type\":\"WebSite\",\"@id\":\"https:\\\/\\\/www.fft.asia\\\/th\\\/#website\",\"url\":\"https:\\\/\\\/www.fft.asia\\\/th\\\/\",\"name\":\"Fun Food Thailand\",\"description\":\"Restaurant &amp; Kitchen Equipment and Appliances\",\"publisher\":{\"@id\":\"https:\\\/\\\/www.fft.asia\\\/th\\\/#organization\"},\"potentialAction\":[{\"@type\":\"SearchAction\",\"target\":{\"@type\":\"EntryPoint\",\"urlTemplate\":\"https:\\\/\\\/www.fft.asia\\\/th\\\/?s={search_term_string}\"},\"query-input\":{\"@type\":\"PropertyValueSpecification\",\"valueRequired\":true,\"valueName\":\"search_term_string\"}}],\"inLanguage\":\"th\"},{\"@type\":\"Organization\",\"@id\":\"https:\\\/\\\/www.fft.asia\\\/th\\\/#organization\",\"name\":\"Fun Food Thailand\",\"url\":\"https:\\\/\\\/www.fft.asia\\\/th\\\/\",\"logo\":{\"@type\":\"ImageObject\",\"inLanguage\":\"th\",\"@id\":\"https:\\\/\\\/www.fft.asia\\\/th\\\/#\\\/schema\\\/logo\\\/image\\\/\",\"url\":\"https:\\\/\\\/www.fft.asia\\\/wp-content\\\/uploads\\\/2023\\\/08\\\/FFT-FOOD-SERVICE-EQUIPMENT.png\",\"contentUrl\":\"https:\\\/\\\/www.fft.asia\\\/wp-content\\\/uploads\\\/2023\\\/08\\\/FFT-FOOD-SERVICE-EQUIPMENT.png\",\"width\":395,\"height\":243,\"caption\":\"Fun Food Thailand\"},\"image\":{\"@id\":\"https:\\\/\\\/www.fft.asia\\\/th\\\/#\\\/schema\\\/logo\\\/image\\\/\"}}]}<\/script>\n<!-- \/ Yoast SEO plugin. -->","yoast_head_json":{"title":"\u0e40\u0e15\u0e32\u0e2d\u0e1a\u0e23\u0e32\u0e04\u0e32\u0e16\u0e39\u0e01 - Fun Food Thailand","robots":{"index":"index","follow":"follow","max-snippet":"max-snippet:-1","max-image-preview":"max-image-preview:large","max-video-preview":"max-video-preview:-1"},"canonical":"https:\/\/www.fft.asia\/th\/product\/%e0%b9%80%e0%b8%95%e0%b8%b2%e0%b8%ad%e0%b8%9a%e0%b8%a3%e0%b8%b2%e0%b8%84%e0%b8%b2%e0%b8%96%e0%b8%b9%e0%b8%81\/","og_locale":"th_TH","og_type":"article","og_title":"\u0e40\u0e15\u0e32\u0e2d\u0e1a\u0e23\u0e32\u0e04\u0e32\u0e16\u0e39\u0e01 - Fun Food Thailand","og_description":"\u0e40\u0e15\u0e32\u0e2d\u0e1a\u0e1e\u0e34\u0e0b\u0e0b\u0e48\u0e32\u0e44\u0e1f\u0e1f\u0e49\u0e32\u0e41\u0e1a\u0e1a\u0e15\u0e31\u0e49\u0e07\u0e42\u0e15\u0e4a\u0e30\u0e1b\u0e23\u0e30\u0e15\u0e39\u0e40\u0e14\u0e35\u0e48\u0e22\u0e27 2 \u0e0a\u0e31\u0e49\u0e19 (\u0e23\u0e32\u0e04\u0e32\u0e16\u0e39\u0e01) \u0e21\u0e32\u0e1e\u0e23\u0e49\u0e2d\u0e21\u0e01\u0e31\u0e1a (\u0e41\u0e16\u0e21\u0e2b\u0e34\u0e19\u0e23\u0e2d\u0e07\u0e1e\u0e34\u0e0b\u0e0b\u0e48\u0e32\u0e1f\u0e23\u0e35) \u0e2a\u0e32\u0e21\u0e32\u0e23\u0e16\u0e1b\u0e23\u0e31\u0e1a\u0e43\u0e2b\u0e49\u0e40\u0e02\u0e49\u0e32\u0e01\u0e31\u0e1a\u0e01\u0e32\u0e23\u0e1c\u0e25\u0e34\u0e15\u0e01\u0e32\u0e23\u0e2d\u0e1a\u0e04\u0e23\u0e31\u0e49\u0e07\u0e15\u0e48\u0e2d\u0e04\u0e23\u0e31\u0e49\u0e07\u0e44\u0e14\u0e49\u0e2d\u0e22\u0e48\u0e32\u0e07\u0e07\u0e48\u0e32\u0e22\u0e14\u0e32\u0e22 \u0e41\u0e25\u0e30\u0e14\u0e49\u0e27\u0e22\u0e01\u0e32\u0e23\u0e2d\u0e2d\u0e01\u0e41\u0e1a\u0e1a\u0e17\u0e35\u0e48\u0e40\u0e2b\u0e21\u0e32\u0e30\u0e2a\u0e21\u0e43\u0e19\u0e01\u0e32\u0e23\u0e43\u0e0a\u0e49\u0e07\u0e32\u0e19\u0e2d\u0e22\u0e48\u0e32\u0e07\u0e21\u0e37\u0e2d\u0e2d\u0e32\u0e0a\u0e35\u0e1e\u00a0 \u0e40\u0e1b\u0e47\u0e19\u0e15\u0e31\u0e27\u0e40\u0e25\u0e37\u0e2d\u0e01\u0e17\u0e35\u0e48\u0e14\u0e35\u0e17\u0e35\u0e48\u0e2a\u0e38\u0e14\u0e2a\u0e33\u0e2b\u0e23\u0e31\u0e1a\u0e23\u0e49\u0e32\u0e19\u0e2d\u0e32\u0e2b\u0e32\u0e23 \u0e42\u0e23\u0e07\u0e41\u0e23\u0e21 \u0e41\u0e25\u0e30\u0e23\u0e49\u0e32\u0e19\u0e40\u0e1a\u0e40\u0e01\u0e2d\u0e23\u0e35\u0e48 \u0e40\u0e15\u0e32\u0e2d\u0e1a\u0e40\u0e04\u0e23\u0e37\u0e48\u0e2d\u0e07\u0e19\u0e35\u0e49\u0e17\u0e33\u0e08\u0e32\u0e01\u0e2a\u0e41\u0e15\u0e19\u0e40\u0e25\u0e2a \u0e14\u0e49\u0e27\u0e22\u0e01\u0e32\u0e23\u0e2d\u0e2d\u0e01\u0e41\u0e1a\u0e1a\u0e17\u0e35\u0e48\u0e2a\u0e27\u0e22\u0e19\u0e48\u0e32\u0e43\u0e0a\u0e49\u00a0 \u0e2d\u0e31\u0e15\u0e23\u0e32\u0e01\u0e32\u0e23\u0e0b\u0e48\u0e2d\u0e21\u0e41\u0e0b\u0e21\u0e15\u0e48\u0e33 \u0e41\u0e25\u0e30\u0e2a\u0e32\u0e21\u0e32\u0e23\u0e16\u0e1b\u0e23\u0e31\u0e1a\u0e2d\u0e38\u0e13\u0e2b\u0e20\u0e39\u0e21\u0e34 \u0e41\u0e25\u0e30\u0e40\u0e27\u0e25\u0e32\u0e43\u0e19\u0e01\u0e32\u0e23\u0e2d\u0e1a \u0e41\u0e25\u0e30\u0e22\u0e31\u0e07\u0e21\u0e35\u0e1e\u0e37\u0e49\u0e19\u0e17\u0e35\u0e48\u0e43\u0e19\u0e40\u0e15\u0e32\u0e2d\u0e1a\u0e17\u0e35\u0e48\u0e08\u0e30\u0e0a\u0e48\u0e27\u0e22\u0e43\u0e2b\u0e49\u0e04\u0e38\u0e13\u0e40\u0e1e\u0e34\u0e48\u0e21\u0e02\u0e19\u0e32\u0e14\u0e41\u0e25\u0e30\u0e08\u0e33\u0e19\u0e27\u0e19\u0e02\u0e2d\u0e07\u0e17\u0e35\u0e48\u0e04\u0e38\u0e13\u0e15\u0e49\u0e2d\u0e07\u0e01\u0e32\u0e23 \u0e16\u0e36\u0e07 41.5\u00d740 \u0e1b\u0e2b\u0e40\u0e2d\u00d712 cm (x2 \u0e0a\u0e34\u0e49\u0e19) \u0e41\u0e25\u0e30\u0e17\u0e33\u0e2d\u0e38\u0e13\u0e20\u0e39\u0e21\u0e34\u0e43\u0e19\u0e01\u0e32\u0e23\u0e2d\u0e1a\u0e2a\u0e39\u0e07\u0e2a\u0e38\u0e14\u0e16\u0e36\u0e07 350\u00b0C\u00a0 \u00a0\u0e2b\u0e32\u0e01\u0e04\u0e38\u0e13\u0e01\u0e33\u0e25\u0e31\u0e07\u0e21\u0e2d\u0e07\u0e2b\u0e32\u0e40\u0e15\u0e32\u0e2d\u0e1a\u0e17\u0e35\u0e48\u0e08\u0e30\u0e17\u0e33\u0e43\u0e2b\u0e49\u0e1e\u0e34\u0e0b\u0e0b\u0e48\u0e32\u0e02\u0e2d\u0e07\u0e04\u0e38\u0e13 \u0e01\u0e23\u0e2d\u0e1a\u0e19\u0e2d\u0e01\u0e19\u0e38\u0e48\u0e21\u0e43\u0e19 \u0e41\u0e25\u0e30\u0e22\u0e31\u0e07\u0e04\u0e07\u0e23\u0e2a\u0e0a\u0e32\u0e15\u0e34 \u0e2a\u0e35\u0e2a\u0e31\u0e19 \u0e02\u0e2d\u0e07\u0e1e\u0e34\u0e0b\u0e0b\u0e48\u0e32\u0e43\u0e2b\u0e49\u0e2a\u0e27\u0e22\u0e19\u0e48\u0e32\u0e23\u0e31\u0e1a\u0e1b\u0e23\u0e30\u0e17\u0e32\u0e19 \u0e19\u0e35\u0e48\u0e08\u0e36\u0e07\u0e40\u0e1b\u0e47\u0e19\u0e17\u0e32\u0e07\u0e40\u0e25\u0e37\u0e2d\u0e01\u0e17\u0e35\u0e48\u0e40\u0e2b\u0e21\u0e32\u0e30\u0e2a\u0e21\u0e41\u0e01\u0e48\u0e04\u0e38\u0e13\u00a0","og_url":"https:\/\/www.fft.asia\/th\/product\/%e0%b9%80%e0%b8%95%e0%b8%b2%e0%b8%ad%e0%b8%9a%e0%b8%a3%e0%b8%b2%e0%b8%84%e0%b8%b2%e0%b8%96%e0%b8%b9%e0%b8%81\/","og_site_name":"Fun Food Thailand","article_modified_time":"2021-10-25T07:39:25+00:00","og_image":[{"width":500,"height":500,"url":"https:\/\/www.fft.asia\/wp-content\/uploads\/2018\/08\/\u0e20\u0e32\u0e1e-107.jpeg","type":"image\/jpeg"}],"twitter_card":"summary_large_image","schema":{"@context":"https:\/\/schema.org","@graph":[{"@type":"WebPage","@id":"https:\/\/www.fft.asia\/th\/product\/%e0%b9%80%e0%b8%95%e0%b8%b2%e0%b8%ad%e0%b8%9a%e0%b8%a3%e0%b8%b2%e0%b8%84%e0%b8%b2%e0%b8%96%e0%b8%b9%e0%b8%81\/","url":"https:\/\/www.fft.asia\/th\/product\/%e0%b9%80%e0%b8%95%e0%b8%b2%e0%b8%ad%e0%b8%9a%e0%b8%a3%e0%b8%b2%e0%b8%84%e0%b8%b2%e0%b8%96%e0%b8%b9%e0%b8%81\/","name":"\u0e40\u0e15\u0e32\u0e2d\u0e1a\u0e23\u0e32\u0e04\u0e32\u0e16\u0e39\u0e01 - Fun Food Thailand","isPartOf":{"@id":"https:\/\/www.fft.asia\/th\/#website"},"primaryImageOfPage":{"@id":"https:\/\/www.fft.asia\/th\/product\/%e0%b9%80%e0%b8%95%e0%b8%b2%e0%b8%ad%e0%b8%9a%e0%b8%a3%e0%b8%b2%e0%b8%84%e0%b8%b2%e0%b8%96%e0%b8%b9%e0%b8%81\/#primaryimage"},"image":{"@id":"https:\/\/www.fft.asia\/th\/product\/%e0%b9%80%e0%b8%95%e0%b8%b2%e0%b8%ad%e0%b8%9a%e0%b8%a3%e0%b8%b2%e0%b8%84%e0%b8%b2%e0%b8%96%e0%b8%b9%e0%b8%81\/#primaryimage"},"thumbnailUrl":"https:\/\/www.fft.asia\/wp-content\/uploads\/2018\/08\/\u0e20\u0e32\u0e1e-107.jpeg","datePublished":"2018-08-07T04:29:53+00:00","dateModified":"2021-10-25T07:39:25+00:00","breadcrumb":{"@id":"https:\/\/www.fft.asia\/th\/product\/%e0%b9%80%e0%b8%95%e0%b8%b2%e0%b8%ad%e0%b8%9a%e0%b8%a3%e0%b8%b2%e0%b8%84%e0%b8%b2%e0%b8%96%e0%b8%b9%e0%b8%81\/#breadcrumb"},"inLanguage":"th","potentialAction":[{"@type":"ReadAction","target":["https:\/\/www.fft.asia\/th\/product\/%e0%b9%80%e0%b8%95%e0%b8%b2%e0%b8%ad%e0%b8%9a%e0%b8%a3%e0%b8%b2%e0%b8%84%e0%b8%b2%e0%b8%96%e0%b8%b9%e0%b8%81\/"]}]},{"@type":"ImageObject","inLanguage":"th","@id":"https:\/\/www.fft.asia\/th\/product\/%e0%b9%80%e0%b8%95%e0%b8%b2%e0%b8%ad%e0%b8%9a%e0%b8%a3%e0%b8%b2%e0%b8%84%e0%b8%b2%e0%b8%96%e0%b8%b9%e0%b8%81\/#primaryimage","url":"https:\/\/www.fft.asia\/wp-content\/uploads\/2018\/08\/\u0e20\u0e32\u0e1e-107.jpeg","contentUrl":"https:\/\/www.fft.asia\/wp-content\/uploads\/2018\/08\/\u0e20\u0e32\u0e1e-107.jpeg","width":500,"height":500,"caption":"\u0e20\u0e32\u0e1e 107"},{"@type":"BreadcrumbList","@id":"https:\/\/www.fft.asia\/th\/product\/%e0%b9%80%e0%b8%95%e0%b8%b2%e0%b8%ad%e0%b8%9a%e0%b8%a3%e0%b8%b2%e0%b8%84%e0%b8%b2%e0%b8%96%e0%b8%b9%e0%b8%81\/#breadcrumb","itemListElement":[{"@type":"ListItem","position":1,"name":"Home","item":"https:\/\/www.fft.asia\/th\/"},{"@type":"ListItem","position":2,"name":"\u0e1c\u0e25\u0e34\u0e15\u0e20\u0e31\u0e13\u0e11\u0e4c \u0e17\u0e31\u0e49\u0e07\u0e2b\u0e21\u0e14","item":"https:\/\/www.fft.asia\/th\/%e0%b8%9c%e0%b8%a5%e0%b8%b4%e0%b8%95%e0%b8%a0%e0%b8%b1%e0%b8%93%e0%b8%91%e0%b9%8c-%e0%b8%97%e0%b8%b1%e0%b9%89%e0%b8%87%e0%b8%ab%e0%b8%a1%e0%b8%94\/"},{"@type":"ListItem","position":3,"name":"\u0e40\u0e15\u0e32\u0e2d\u0e1a\u0e23\u0e32\u0e04\u0e32\u0e16\u0e39\u0e01"}]},{"@type":"WebSite","@id":"https:\/\/www.fft.asia\/th\/#website","url":"https:\/\/www.fft.asia\/th\/","name":"Fun Food Thailand","description":"Restaurant &amp; Kitchen Equipment and Appliances","publisher":{"@id":"https:\/\/www.fft.asia\/th\/#organization"},"potentialAction":[{"@type":"SearchAction","target":{"@type":"EntryPoint","urlTemplate":"https:\/\/www.fft.asia\/th\/?s={search_term_string}"},"query-input":{"@type":"PropertyValueSpecification","valueRequired":true,"valueName":"search_term_string"}}],"inLanguage":"th"},{"@type":"Organization","@id":"https:\/\/www.fft.asia\/th\/#organization","name":"Fun Food Thailand","url":"https:\/\/www.fft.asia\/th\/","logo":{"@type":"ImageObject","inLanguage":"th","@id":"https:\/\/www.fft.asia\/th\/#\/schema\/logo\/image\/","url":"https:\/\/www.fft.asia\/wp-content\/uploads\/2023\/08\/FFT-FOOD-SERVICE-EQUIPMENT.png","contentUrl":"https:\/\/www.fft.asia\/wp-content\/uploads\/2023\/08\/FFT-FOOD-SERVICE-EQUIPMENT.png","width":395,"height":243,"caption":"Fun Food Thailand"},"image":{"@id":"https:\/\/www.fft.asia\/th\/#\/schema\/logo\/image\/"}}]}},"_links":{"self":[{"href":"https:\/\/www.fft.asia\/th\/wp-json\/wp\/v2\/product\/41823","targetHints":{"allow":["GET"]}}],"collection":[{"href":"https:\/\/www.fft.asia\/th\/wp-json\/wp\/v2\/product"}],"about":[{"href":"https:\/\/www.fft.asia\/th\/wp-json\/wp\/v2\/types\/product"}],"replies":[{"embeddable":true,"href":"https:\/\/www.fft.asia\/th\/wp-json\/wp\/v2\/comments?post=41823"}],"wp:featuredmedia":[{"embeddable":true,"href":"https:\/\/www.fft.asia\/th\/wp-json\/wp\/v2\/media\/54377"}],"wp:attachment":[{"href":"https:\/\/www.fft.asia\/th\/wp-json\/wp\/v2\/media?parent=41823"}],"wp:term":[{"taxonomy":"product_brand","embeddable":true,"href":"https:\/\/www.fft.asia\/th\/wp-json\/wp\/v2\/product_brand?post=41823"},{"taxonomy":"product_cat","embeddable":true,"href":"https:\/\/www.fft.asia\/th\/wp-json\/wp\/v2\/product_cat?post=41823"},{"taxonomy":"product_tag","embeddable":true,"href":"https:\/\/www.fft.asia\/th\/wp-json\/wp\/v2\/product_tag?post=41823"}],"curies":[{"name":"wp","href":"https:\/\/api.w.org\/{rel}","templated":true}]}}